{"id":13527,"date":"2024-11-13T15:18:27","date_gmt":"2024-11-13T14:18:27","guid":{"rendered":"https:\/\/savvyrevenue.com\/?page_id=13527"},"modified":"2026-03-02T12:11:21","modified_gmt":"2026-03-02T11:11:21","slug":"lm-smart-bidding","status":"publish","type":"page","link":"https:\/\/savvyrevenue.com\/dk\/lm-smart-bidding\/","title":{"rendered":"Landing page | LM: Tr\u00e6t af Black Box Smart Bidding? Kom bag kulissen, og hvordan du f\u00e5r mere ud af Smart Bidding"},"content":{"rendered":"\t\t<div data-elementor-type=\"wp-page\" data-elementor-id=\"13527\" class=\"elementor elementor-13527\" data-elementor-post-type=\"page\">\n\t\t\t\t<div class=\"elementor-element elementor-element-8920688 hero_pattern light e-flex e-con-boxed e-con e-parent\" data-id=\"8920688\" data-element_type=\"container\" data-e-type=\"container\" data-settings=\"{&quot;background_background&quot;:&quot;classic&quot;}\">\n\t\t\t\t\t<div class=\"e-con-inner\">\n\t\t\t\t<div class=\"elementor-element elementor-element-039e1c3 elementor-icon-list--layout-inline tagline_date elementor-list-item-link-full_width elementor-widget elementor-widget-icon-list\" data-id=\"039e1c3\" data-element_type=\"widget\" data-e-type=\"widget\" data-widget_type=\"icon-list.default\">\n\t\t\t\t<div class=\"elementor-widget-container\">\n\t\t\t\t\t\t\t<ul class=\"elementor-icon-list-items elementor-inline-items\">\n\t\t\t\t\t\t\t<li class=\"elementor-icon-list-item elementor-inline-item\">\n\t\t\t\t\t\t\t\t\t\t<span class=\"elementor-icon-list-text\">Komplet Smart Bidding guide<\/span>\n\t\t\t\t\t\t\t\t\t<\/li>\n\t\t\t\t\t\t<\/ul>\n\t\t\t\t\t\t<\/div>\n\t\t\t\t<\/div>\n\t\t\t\t<div class=\"elementor-element elementor-element-2f72294 elementor-widget elementor-widget-heading\" data-id=\"2f72294\" data-element_type=\"widget\" data-e-type=\"widget\" data-widget_type=\"heading.default\">\n\t\t\t\t<div class=\"elementor-widget-container\">\n\t\t\t\t\t<h1 class=\"elementor-heading-title elementor-size-default\"><b>Tr\u00e6t af Black Box Smart Bidding?<\/b><\/h1>\t\t\t\t<\/div>\n\t\t\t\t<\/div>\n\t\t\t\t<div class=\"elementor-element elementor-element-bdf55d2 elementor-widget elementor-widget-heading\" data-id=\"bdf55d2\" data-element_type=\"widget\" data-e-type=\"widget\" data-widget_type=\"heading.default\">\n\t\t\t\t<div class=\"elementor-widget-container\">\n\t\t\t\t\t<h2 class=\"elementor-heading-title elementor-size-default\">Kom bag kulissen, og se hvordan du booster din Smart Bidding<\/h2>\t\t\t\t<\/div>\n\t\t\t\t<\/div>\n\t\t<div class=\"elementor-element elementor-element-0dad93e e-con-full e-flex e-con e-child\" data-id=\"0dad93e\" data-element_type=\"container\" data-e-type=\"container\">\n\t\t<div class=\"elementor-element elementor-element-8357420 e-con-full e-flex e-con e-child\" data-id=\"8357420\" data-element_type=\"container\" data-e-type=\"container\">\n\t\t\t\t<div class=\"elementor-element elementor-element-29b2317 elementor-widget elementor-widget-heading\" data-id=\"29b2317\" data-element_type=\"widget\" data-e-type=\"widget\" data-widget_type=\"heading.default\">\n\t\t\t\t<div class=\"elementor-widget-container\">\n\t\t\t\t\t<h3 class=\"elementor-heading-title elementor-size-default\">Guiden indeholder:<\/h3>\t\t\t\t<\/div>\n\t\t\t\t<\/div>\n\t\t\t\t<div class=\"elementor-element elementor-element-33f259a bullet_checkmark elementor-widget elementor-widget-text-editor\" data-id=\"33f259a\" data-element_type=\"widget\" data-e-type=\"widget\" data-widget_type=\"text-editor.default\">\n\t\t\t\t<div class=\"elementor-widget-container\">\n\t\t\t\t\t\t\t\t\t<ul><li>Hvordan Smart Bidding fungerer<\/li><li>Hvilket impact Conversion Lag har p\u00e5 Smart Bidding<\/li><li>Actual vs Target ROAS (og avg. target ROAS)<\/li><li>Optimeringsmuligheder for at f\u00e5 Smart Bidding til at performe bedre<\/li><li>Opskriften bag hvor meget du skal \u00e6ndre dit ROAS target for \u00f8nsket effekt<\/li><li>Hvor meget du kan \u00e6ndre dine ROAS targets, og hvad vores anbefalinger er<\/li><li>Hvorfor det IKKE er forkert at lave store \u00e6ndringer til dine ROAS targets<\/li><li>Hvordan du skal arbejde med Smart Bidding op til, under og efter din h\u00f8js\u00e6son, udsalg og Black Friday<\/li><\/ul>\t\t\t\t\t\t\t\t<\/div>\n\t\t\t\t<\/div>\n\t\t\t\t<\/div>\n\t\t<div class=\"elementor-element elementor-element-b89cc3f e-con-full e-flex e-con e-child\" data-id=\"b89cc3f\" data-element_type=\"container\" data-e-type=\"container\">\n\t\t<div class=\"elementor-element elementor-element-08a6815 e-con-full e-flex elementor-invisible e-con e-child\" data-id=\"08a6815\" data-element_type=\"container\" data-e-type=\"container\" data-settings=\"{&quot;background_background&quot;:&quot;classic&quot;,&quot;animation&quot;:&quot;fadeInUp&quot;}\">\n\t\t\t\t<div class=\"elementor-element elementor-element-39f42c4 elementor-headline--style-highlight elementor-widget elementor-widget-animated-headline\" data-id=\"39f42c4\" data-element_type=\"widget\" data-e-type=\"widget\" data-settings=\"{&quot;marker&quot;:&quot;underline&quot;,&quot;highlighted_text&quot;:&quot;guiden&quot;,&quot;headline_style&quot;:&quot;highlight&quot;,&quot;highlight_animation_duration&quot;:1200}\" data-widget_type=\"animated-headline.default\">\n\t\t\t\t<div class=\"elementor-widget-container\">\n\t\t\t\t\t\t\t<h3 class=\"elementor-headline\">\n\t\t\t\t\t<span class=\"elementor-headline-plain-text elementor-headline-text-wrapper\">Skal vi sende<\/span>\n\t\t\t\t<span class=\"elementor-headline-dynamic-wrapper elementor-headline-text-wrapper\">\n\t\t\t\t\t<span class=\"elementor-headline-dynamic-text elementor-headline-text-active\">guiden<\/span>\n\t\t\t\t<\/span>\n\t\t\t\t\t<span class=\"elementor-headline-plain-text elementor-headline-text-wrapper\">til dig?<\/span>\n\t\t\t\t\t<\/h3>\n\t\t\t\t\t\t<\/div>\n\t\t\t\t<\/div>\n\t\t\t\t<div class=\"elementor-element elementor-element-0a88da7 elementor-widget elementor-widget-html\" data-id=\"0a88da7\" data-element_type=\"widget\" data-e-type=\"widget\" data-widget_type=\"html.default\">\n\t\t\t\t<div class=\"elementor-widget-container\">\n\t\t\t\t\t<script>\n    document.addEventListener(\"DOMContentLoaded\", function() {\n    \/\/ Get the full URL including query parameters\n    var fullUrl = window.location.href;\n    \n    \/\/ Find the hidden input field by its ID\n    var hiddenField = document.getElementById('form-field-latest_url_submission');\n    \n    \/\/ If the field exists, set its value to the current URL\n    if(hiddenField) {\n        hiddenField.value = fullUrl;\n    }\n});\n<\/script>\t\t\t\t<\/div>\n\t\t\t\t<\/div>\n\t\t\t\t<div class=\"elementor-element elementor-element-de1311d elementor-button-align-center elementor-widget__width-initial elementor-widget elementor-widget-form\" data-id=\"de1311d\" data-element_type=\"widget\" data-e-type=\"widget\" data-settings=\"{&quot;step_next_label&quot;:&quot;N\\u00e6ste&quot;,&quot;step_previous_label&quot;:&quot;Tidligere&quot;,&quot;button_width&quot;:&quot;100&quot;,&quot;step_type&quot;:&quot;number_text&quot;,&quot;step_icon_shape&quot;:&quot;circle&quot;}\" data-widget_type=\"form.default\">\n\t\t\t\t<div class=\"elementor-widget-container\">\n\t\t\t\t\t\t\t<form class=\"elementor-form\" method=\"post\" name=\"savvysession\" aria-label=\"savvysession\">\n\t\t\t<input type=\"hidden\" name=\"post_id\" value=\"13527\"\/>\n\t\t\t<input type=\"hidden\" name=\"form_id\" value=\"de1311d\"\/>\n\t\t\t<input type=\"hidden\" name=\"referer_title\" value=\"savvyrevenue\" \/>\n\n\t\t\t\n\t\t\t<div class=\"elementor-form-fields-wrapper elementor-labels-\">\n\t\t\t\t\t\t\t\t<div class=\"elementor-field-type-text elementor-field-group elementor-column elementor-field-group-name elementor-col-100 elementor-field-required\">\n\t\t\t\t\t\t\t\t\t\t\t\t<label for=\"form-field-name\" class=\"elementor-field-label elementor-screen-only\">\n\t\t\t\t\t\t\t\tFirst name\t\t\t\t\t\t\t<\/label>\n\t\t\t\t\t\t\t\t\t\t\t\t\t\t<input size=\"1\" type=\"text\" name=\"form_fields[name]\" id=\"form-field-name\" class=\"elementor-field elementor-size-sm  elementor-field-textual\" placeholder=\"Fornavn *\" required=\"required\">\n\t\t\t\t\t\t\t\t\t\t\t<\/div>\n\t\t\t\t\t\t\t\t<div class=\"elementor-field-type-email elementor-field-group elementor-column elementor-field-group-email elementor-col-100 elementor-field-required\">\n\t\t\t\t\t\t\t\t\t\t\t\t<label for=\"form-field-email\" class=\"elementor-field-label elementor-screen-only\">\n\t\t\t\t\t\t\t\tE-mail\t\t\t\t\t\t\t<\/label>\n\t\t\t\t\t\t\t\t\t\t\t\t\t\t<input size=\"1\" type=\"email\" name=\"form_fields[email]\" id=\"form-field-email\" class=\"elementor-field elementor-size-sm  elementor-field-textual\" placeholder=\"Arbejdsmail *\" required=\"required\">\n\t\t\t\t\t\t\t\t\t\t\t<\/div>\n\t\t\t\t\t\t\t\t<div class=\"elementor-field-type-recaptcha_v3 elementor-field-group elementor-column elementor-field-group-field_cfabeaa elementor-col-100 recaptcha_v3-bottomright\">\n\t\t\t\t\t<div class=\"elementor-field\" id=\"form-field-field_cfabeaa\"><div class=\"elementor-g-recaptcha\" data-sitekey=\"6LfYWSAaAAAAADhdnZXnPBg768KEQBfHDU5qD1cA\" data-type=\"v3\" data-action=\"Form\" data-badge=\"bottomright\" data-size=\"invisible\"><\/div><\/div>\t\t\t\t<\/div>\n\t\t\t\t\t\t\t\t<div class=\"elementor-field-type-hidden elementor-field-group elementor-column elementor-field-group-latest_ss_url_submission elementor-col-100\">\n\t\t\t\t\t\t\t\t\t\t\t\t\t<input size=\"1\" type=\"hidden\" name=\"form_fields[latest_ss_url_submission]\" id=\"form-field-latest_ss_url_submission\" class=\"elementor-field elementor-size-sm  elementor-field-textual\">\n\t\t\t\t\t\t\t\t\t\t\t<\/div>\n\t\t\t\t\t\t\t\t<div class=\"elementor-field-group elementor-column elementor-field-type-submit elementor-col-100 e-form__buttons\">\n\t\t\t\t\t<button class=\"elementor-button elementor-size-sm\" type=\"submit\">\n\t\t\t\t\t\t<span class=\"elementor-button-content-wrapper\">\n\t\t\t\t\t\t\t\t\t\t\t\t\t\t\t\t\t\t\t\t\t\t<span class=\"elementor-button-text\">Send guiden nu<\/span>\n\t\t\t\t\t\t\t\t\t\t\t\t\t<\/span>\n\t\t\t\t\t<\/button>\n\t\t\t\t<\/div>\n\t\t\t<\/div>\n\t\t<\/form>\n\t\t\t\t\t\t<\/div>\n\t\t\t\t<\/div>\n\t\t\t\t<div class=\"elementor-element elementor-element-0b80e7b elementor-widget__width-auto elementor-absolute e-transform elementor-widget elementor-widget-image\" data-id=\"0b80e7b\" data-element_type=\"widget\" data-e-type=\"widget\" data-settings=\"{&quot;_position&quot;:&quot;absolute&quot;,&quot;_transform_rotateZ_effect&quot;:{&quot;unit&quot;:&quot;px&quot;,&quot;size&quot;:60,&quot;sizes&quot;:[]},&quot;_transform_rotateZ_effect_mobile&quot;:{&quot;unit&quot;:&quot;deg&quot;,&quot;size&quot;:69,&quot;sizes&quot;:[]},&quot;_transform_rotateZ_effect_tablet&quot;:{&quot;unit&quot;:&quot;deg&quot;,&quot;size&quot;:&quot;&quot;,&quot;sizes&quot;:[]}}\" data-widget_type=\"image.default\">\n\t\t\t\t<div class=\"elementor-widget-container\">\n\t\t\t\t\t\t\t\t\t\t\t\t\t\t\t<img decoding=\"async\" width=\"125\" height=\"147\" src=\"https:\/\/savvyrevenue.com\/wp-content\/uploads\/2024\/04\/pointer_green_arrow.svg\" class=\" attachment-large size-large wp-image-3776\" alt=\"\" \/>\t\t\t\t\t\t\t\t\t\t\t\t\t\t\t<\/div>\n\t\t\t\t<\/div>\n\t\t\t\t<\/div>\n\t\t\t\t<\/div>\n\t\t\t\t<\/div>\n\t\t\t\t\t<\/div>\n\t\t\t\t<\/div>\n\t\t<div class=\"elementor-element elementor-element-cd256d7 paddedsection_bottom e-flex e-con-boxed e-con e-parent\" data-id=\"cd256d7\" data-element_type=\"container\" data-e-type=\"container\" data-settings=\"{&quot;background_background&quot;:&quot;classic&quot;}\">\n\t\t\t\t\t<div class=\"e-con-inner\">\n\t\t<div class=\"elementor-element elementor-element-c78de56 e-con-full e-flex e-con e-child\" data-id=\"c78de56\" data-element_type=\"container\" data-e-type=\"container\">\n\t\t\t\t<div class=\"elementor-element elementor-element-f6b6f16 elementor-widget elementor-widget-image\" data-id=\"f6b6f16\" data-element_type=\"widget\" data-e-type=\"widget\" data-widget_type=\"image.default\">\n\t\t\t\t<div class=\"elementor-widget-container\">\n\t\t\t\t\t\t\t\t\t\t\t\t\t\t\t<img fetchpriority=\"high\" decoding=\"async\" width=\"768\" height=\"423\" src=\"https:\/\/savvyrevenue.com\/wp-content\/uploads\/2024\/11\/2024-11-13_15-09-07-768x423.jpg\" class=\" attachment-medium_large size-medium_large wp-image-13531\" alt=\"\" srcset=\"https:\/\/savvyrevenue.com\/wp-content\/uploads\/2024\/11\/2024-11-13_15-09-07-768x423.jpg 768w, https:\/\/savvyrevenue.com\/wp-content\/uploads\/2024\/11\/2024-11-13_15-09-07-300x165.jpg 300w, https:\/\/savvyrevenue.com\/wp-content\/uploads\/2024\/11\/2024-11-13_15-09-07-1024x564.jpg 1024w, https:\/\/savvyrevenue.com\/wp-content\/uploads\/2024\/11\/2024-11-13_15-09-07-1536x846.jpg 1536w, https:\/\/savvyrevenue.com\/wp-content\/uploads\/2024\/11\/2024-11-13_15-09-07-2048x1128.jpg 2048w, https:\/\/savvyrevenue.com\/wp-content\/uploads\/2024\/11\/2024-11-13_15-09-07-100x55.jpg 100w\" sizes=\"(max-width: 768px) 100vw, 768px\" \/>\t\t\t\t\t\t\t\t\t\t\t\t\t\t\t<\/div>\n\t\t\t\t<\/div>\n\t\t\t\t<\/div>\n\t\t<div class=\"elementor-element elementor-element-d2853a0 e-con-full e-flex e-con e-child\" data-id=\"d2853a0\" data-element_type=\"container\" data-e-type=\"container\">\n\t\t\t\t<div class=\"elementor-element elementor-element-7c4f501 elementor-widget elementor-widget-heading\" data-id=\"7c4f501\" data-element_type=\"widget\" data-e-type=\"widget\" data-widget_type=\"heading.default\">\n\t\t\t\t<div class=\"elementor-widget-container\">\n\t\t\t\t\t<h2 class=\"elementor-heading-title elementor-size-default\">Hent guiden hvis du vil:<\/h2>\t\t\t\t<\/div>\n\t\t\t\t<\/div>\n\t\t\t\t<div class=\"elementor-element elementor-element-2457951 bullet_checkmark elementor-widget elementor-widget-text-editor\" data-id=\"2457951\" data-element_type=\"widget\" data-e-type=\"widget\" data-widget_type=\"text-editor.default\">\n\t\t\t\t<div class=\"elementor-widget-container\">\n\t\t\t\t\t\t\t\t\t<ul><li>Forst\u00e5 mekanismerne bag Smart Bidding<\/li><li>L\u00e6re hvordan du hj\u00e6lper Smart Bidding i stedet for at v\u00e6re en tilskuer i din egen konto<\/li><li>Opdage de typiske fejl og misforst\u00e5elser omkring Smart Bidding<\/li><li>Hvis du tror Smart Bidding er en black box (det er den ikke \ud83d\ude09)<\/li><\/ul>\t\t\t\t\t\t\t\t<\/div>\n\t\t\t\t<\/div>\n\t\t\t\t<\/div>\n\t\t\t\t\t<\/div>\n\t\t\t\t<\/div>\n\t\t\t\t<\/div>\n\t\t","protected":false},"excerpt":{"rendered":"<p>Komplet Smart Bidding guide Tr\u00e6t af Black Box Smart Bidding? Kom bag kulissen, og se hvordan du booster din Smart Bidding Guiden indeholder: Hvordan Smart Bidding fungerer Hvilket impact Conversion Lag har p\u00e5 Smart Bidding Actual vs Target ROAS (og avg. target ROAS) Optimeringsmuligheder for at f\u00e5 Smart Bidding til at performe bedre Opskriften bag [&hellip;]<\/p>\n","protected":false},"author":2,"featured_media":0,"parent":0,"menu_order":0,"comment_status":"closed","ping_status":"closed","template":"","meta":{"_acf_changed":false,"site-sidebar-layout":"no-sidebar","site-content-layout":"page-builder","ast-site-content-layout":"full-width-container","site-content-style":"default","site-sidebar-style":"default","ast-global-header-display":"","ast-banner-title-visibility":"","ast-main-header-display":"","ast-hfb-above-header-display":"","ast-hfb-below-header-display":"","ast-hfb-mobile-header-display":"","site-post-title":"disabled","ast-breadcrumbs-content":"","ast-featured-img":"disabled","footer-sml-layout":"","ast-disable-related-posts":"","theme-transparent-header-meta":"default","adv-header-id-meta":"","stick-header-meta":"default","header-above-stick-meta":"","header-main-stick-meta":"","header-below-stick-meta":"","astra-migrate-meta-layouts":"set","ast-page-background-enabled":"default","ast-page-background-meta":{"desktop":{"background-color":"var(--ast-global-color-4)","background-image":"","background-repeat":"repeat","background-position":"center center","background-size":"auto","background-attachment":"scroll","background-type":"","background-media":"","overlay-type":"","overlay-color":"","overlay-opacity":"","overlay-gradient":""},"tablet":{"background-color":"","background-image":"","background-repeat":"repeat","background-position":"center center","background-size":"auto","background-attachment":"scroll","background-type":"","background-media":"","overlay-type":"","overlay-color":"","overlay-opacity":"","overlay-gradient":""},"mobile":{"background-color":"","background-image":"","background-repeat":"repeat","background-position":"center center","background-size":"auto","background-attachment":"scroll","background-type":"","background-media":"","overlay-type":"","overlay-color":"","overlay-opacity":"","overlay-gradient":""}},"ast-content-background-meta":{"desktop":{"background-color":"var(--ast-global-color-5)","background-image":"","background-repeat":"repeat","background-position":"center center","background-size":"auto","background-attachment":"scroll","background-type":"","background-media":"","overlay-type":"","overlay-color":"","overlay-opacity":"","overlay-gradient":""},"tablet":{"background-color":"var(--ast-global-color-5)","background-image":"","background-repeat":"repeat","background-position":"center center","background-size":"auto","background-attachment":"scroll","background-type":"","background-media":"","overlay-type":"","overlay-color":"","overlay-opacity":"","overlay-gradient":""},"mobile":{"background-color":"var(--ast-global-color-5)","background-image":"","background-repeat":"repeat","background-position":"center center","background-size":"auto","background-attachment":"scroll","background-type":"","background-media":"","overlay-type":"","overlay-color":"","overlay-opacity":"","overlay-gradient":""}},"footnotes":""},"class_list":["post-13527","page","type-page","status-publish","hentry"],"acf":[],"yoast_head":"<!-- This site is optimized with the Yoast SEO Premium plugin v27.4 (Yoast SEO v27.4) - https:\/\/yoast.com\/product\/yoast-seo-premium-wordpress\/ -->\n<title>Tr\u00e6t af Black Box Smart Bidding? Kom bag kulissen, og l\u00e6r de vigtigste faktorer<\/title>\n<meta name=\"description\" content=\"Download denne komplette guide til at booste din Smart Bidding&#039;s performance. Du vil blive pr\u00e6senteret for gennemtestede tiltag der virker.\" \/>\n<meta name=\"robots\" content=\"index, follow, max-snippet:-1, max-image-preview:large, max-video-preview:-1\" \/>\n<link rel=\"canonical\" href=\"https:\/\/savvyrevenue.com\/dk\/lm-smart-bidding\/\" \/>\n<meta property=\"og:locale\" content=\"da_DK\" \/>\n<meta property=\"og:type\" content=\"article\" \/>\n<meta property=\"og:title\" content=\"Landing page | LM: Tr\u00e6t af Black Box Smart Bidding? Kom bag kulissen, og hvordan du f\u00e5r mere ud af Smart Bidding\" \/>\n<meta property=\"og:description\" content=\"Tilmeld dig vores n\u00e6ste savvysession og bliv klogere p\u00e5 Google Ads. Du l\u00e6rer direkte fra eksperter, der arbejder med e-handel og PPC hver dag.\" \/>\n<meta property=\"og:url\" content=\"https:\/\/savvyrevenue.com\/dk\/lm-smart-bidding\/\" \/>\n<meta property=\"og:site_name\" content=\"savvyrevenue\" \/>\n<meta property=\"article:publisher\" content=\"https:\/\/www.facebook.com\/SavvyRevenue-294014737696105\" \/>\n<meta property=\"article:modified_time\" content=\"2026-03-02T11:11:21+00:00\" \/>\n<meta property=\"og:image\" content=\"https:\/\/savvyrevenue.com\/wp-content\/uploads\/2024\/11\/Youtube-Thumbnail.jpg\" \/>\n\t<meta property=\"og:image:width\" content=\"1280\" \/>\n\t<meta property=\"og:image:height\" content=\"720\" \/>\n\t<meta property=\"og:image:type\" content=\"image\/jpeg\" \/>\n<meta name=\"twitter:card\" content=\"summary_large_image\" \/>\n<meta name=\"twitter:description\" content=\"Komplet Smart Bidding guide Tr\u00e6t af Black Box Smart Bidding? Kom bag kulissen, og se hvordan du booster din Smart Bidding Guiden indeholder: Hvordan Smart\" \/>\n<script type=\"application\/ld+json\" class=\"yoast-schema-graph\">{\"@context\":\"https:\\\/\\\/schema.org\",\"@graph\":[{\"@type\":\"WebPage\",\"@id\":\"https:\\\/\\\/savvyrevenue.com\\\/dk\\\/lm-smart-bidding\\\/\",\"url\":\"https:\\\/\\\/savvyrevenue.com\\\/dk\\\/lm-smart-bidding\\\/\",\"name\":\"Tr\u00e6t af Black Box Smart Bidding? Kom bag kulissen, og l\u00e6r de vigtigste faktorer\",\"isPartOf\":{\"@id\":\"https:\\\/\\\/savvyrevenue.com\\\/dk\\\/#website\"},\"primaryImageOfPage\":{\"@id\":\"https:\\\/\\\/savvyrevenue.com\\\/dk\\\/lm-smart-bidding\\\/#primaryimage\"},\"image\":{\"@id\":\"https:\\\/\\\/savvyrevenue.com\\\/dk\\\/lm-smart-bidding\\\/#primaryimage\"},\"thumbnailUrl\":\"https:\\\/\\\/savvyrevenue.com\\\/wp-content\\\/uploads\\\/2024\\\/04\\\/pointer_green_arrow.svg\",\"datePublished\":\"2024-11-13T14:18:27+00:00\",\"dateModified\":\"2026-03-02T11:11:21+00:00\",\"description\":\"Download denne komplette guide til at booste din Smart Bidding's performance. Du vil blive pr\u00e6senteret for gennemtestede tiltag der virker.\",\"inLanguage\":\"da-DK\",\"potentialAction\":[{\"@type\":\"ReadAction\",\"target\":[\"https:\\\/\\\/savvyrevenue.com\\\/dk\\\/lm-smart-bidding\\\/\"]}]},{\"@type\":\"ImageObject\",\"inLanguage\":\"da-DK\",\"@id\":\"https:\\\/\\\/savvyrevenue.com\\\/dk\\\/lm-smart-bidding\\\/#primaryimage\",\"url\":\"https:\\\/\\\/savvyrevenue.com\\\/wp-content\\\/uploads\\\/2024\\\/04\\\/pointer_green_arrow.svg\",\"contentUrl\":\"https:\\\/\\\/savvyrevenue.com\\\/wp-content\\\/uploads\\\/2024\\\/04\\\/pointer_green_arrow.svg\"},{\"@type\":\"WebSite\",\"@id\":\"https:\\\/\\\/savvyrevenue.com\\\/dk\\\/#website\",\"url\":\"https:\\\/\\\/savvyrevenue.com\\\/dk\\\/\",\"name\":\"savvyrevenue\",\"description\":\"\",\"publisher\":{\"@id\":\"https:\\\/\\\/savvyrevenue.com\\\/dk\\\/#organization\"},\"potentialAction\":[{\"@type\":\"SearchAction\",\"target\":{\"@type\":\"EntryPoint\",\"urlTemplate\":\"https:\\\/\\\/savvyrevenue.com\\\/dk\\\/?s={search_term_string}\"},\"query-input\":{\"@type\":\"PropertyValueSpecification\",\"valueRequired\":true,\"valueName\":\"search_term_string\"}}],\"inLanguage\":\"da-DK\"},{\"@type\":\"Organization\",\"@id\":\"https:\\\/\\\/savvyrevenue.com\\\/dk\\\/#organization\",\"name\":\"SavvyRevenue\",\"url\":\"https:\\\/\\\/savvyrevenue.com\\\/dk\\\/\",\"logo\":{\"@type\":\"ImageObject\",\"inLanguage\":\"da-DK\",\"@id\":\"https:\\\/\\\/savvyrevenue.com\\\/dk\\\/#\\\/schema\\\/logo\\\/image\\\/\",\"url\":\"https:\\\/\\\/savvyrevenue.com\\\/wp-content\\\/uploads\\\/2024\\\/04\\\/savvyrevenue_logo.svg\",\"contentUrl\":\"https:\\\/\\\/savvyrevenue.com\\\/wp-content\\\/uploads\\\/2024\\\/04\\\/savvyrevenue_logo.svg\",\"width\":1,\"height\":1,\"caption\":\"SavvyRevenue\"},\"image\":{\"@id\":\"https:\\\/\\\/savvyrevenue.com\\\/dk\\\/#\\\/schema\\\/logo\\\/image\\\/\"},\"sameAs\":[\"https:\\\/\\\/www.facebook.com\\\/SavvyRevenue-294014737696105\"]}]}<\/script>\n<!-- \/ Yoast SEO Premium plugin. -->","yoast_head_json":{"title":"Tr\u00e6t af Black Box Smart Bidding? Kom bag kulissen, og l\u00e6r de vigtigste faktorer","description":"Download denne komplette guide til at booste din Smart Bidding's performance. Du vil blive pr\u00e6senteret for gennemtestede tiltag der virker.","robots":{"index":"index","follow":"follow","max-snippet":"max-snippet:-1","max-image-preview":"max-image-preview:large","max-video-preview":"max-video-preview:-1"},"canonical":"https:\/\/savvyrevenue.com\/dk\/lm-smart-bidding\/","og_locale":"da_DK","og_type":"article","og_title":"Landing page | LM: Tr\u00e6t af Black Box Smart Bidding? Kom bag kulissen, og hvordan du f\u00e5r mere ud af Smart Bidding","og_description":"Tilmeld dig vores n\u00e6ste savvysession og bliv klogere p\u00e5 Google Ads. Du l\u00e6rer direkte fra eksperter, der arbejder med e-handel og PPC hver dag.","og_url":"https:\/\/savvyrevenue.com\/dk\/lm-smart-bidding\/","og_site_name":"savvyrevenue","article_publisher":"https:\/\/www.facebook.com\/SavvyRevenue-294014737696105","article_modified_time":"2026-03-02T11:11:21+00:00","og_image":[{"width":1280,"height":720,"url":"https:\/\/savvyrevenue.com\/wp-content\/uploads\/2024\/11\/Youtube-Thumbnail.jpg","type":"image\/jpeg"}],"twitter_card":"summary_large_image","twitter_description":"Komplet Smart Bidding guide Tr\u00e6t af Black Box Smart Bidding? Kom bag kulissen, og se hvordan du booster din Smart Bidding Guiden indeholder: Hvordan Smart","schema":{"@context":"https:\/\/schema.org","@graph":[{"@type":"WebPage","@id":"https:\/\/savvyrevenue.com\/dk\/lm-smart-bidding\/","url":"https:\/\/savvyrevenue.com\/dk\/lm-smart-bidding\/","name":"Tr\u00e6t af Black Box Smart Bidding? Kom bag kulissen, og l\u00e6r de vigtigste faktorer","isPartOf":{"@id":"https:\/\/savvyrevenue.com\/dk\/#website"},"primaryImageOfPage":{"@id":"https:\/\/savvyrevenue.com\/dk\/lm-smart-bidding\/#primaryimage"},"image":{"@id":"https:\/\/savvyrevenue.com\/dk\/lm-smart-bidding\/#primaryimage"},"thumbnailUrl":"https:\/\/savvyrevenue.com\/wp-content\/uploads\/2024\/04\/pointer_green_arrow.svg","datePublished":"2024-11-13T14:18:27+00:00","dateModified":"2026-03-02T11:11:21+00:00","description":"Download denne komplette guide til at booste din Smart Bidding's performance. Du vil blive pr\u00e6senteret for gennemtestede tiltag der virker.","inLanguage":"da-DK","potentialAction":[{"@type":"ReadAction","target":["https:\/\/savvyrevenue.com\/dk\/lm-smart-bidding\/"]}]},{"@type":"ImageObject","inLanguage":"da-DK","@id":"https:\/\/savvyrevenue.com\/dk\/lm-smart-bidding\/#primaryimage","url":"https:\/\/savvyrevenue.com\/wp-content\/uploads\/2024\/04\/pointer_green_arrow.svg","contentUrl":"https:\/\/savvyrevenue.com\/wp-content\/uploads\/2024\/04\/pointer_green_arrow.svg"},{"@type":"WebSite","@id":"https:\/\/savvyrevenue.com\/dk\/#website","url":"https:\/\/savvyrevenue.com\/dk\/","name":"savvyrevenue","description":"","publisher":{"@id":"https:\/\/savvyrevenue.com\/dk\/#organization"},"potentialAction":[{"@type":"SearchAction","target":{"@type":"EntryPoint","urlTemplate":"https:\/\/savvyrevenue.com\/dk\/?s={search_term_string}"},"query-input":{"@type":"PropertyValueSpecification","valueRequired":true,"valueName":"search_term_string"}}],"inLanguage":"da-DK"},{"@type":"Organization","@id":"https:\/\/savvyrevenue.com\/dk\/#organization","name":"SavvyRevenue","url":"https:\/\/savvyrevenue.com\/dk\/","logo":{"@type":"ImageObject","inLanguage":"da-DK","@id":"https:\/\/savvyrevenue.com\/dk\/#\/schema\/logo\/image\/","url":"https:\/\/savvyrevenue.com\/wp-content\/uploads\/2024\/04\/savvyrevenue_logo.svg","contentUrl":"https:\/\/savvyrevenue.com\/wp-content\/uploads\/2024\/04\/savvyrevenue_logo.svg","width":1,"height":1,"caption":"SavvyRevenue"},"image":{"@id":"https:\/\/savvyrevenue.com\/dk\/#\/schema\/logo\/image\/"},"sameAs":["https:\/\/www.facebook.com\/SavvyRevenue-294014737696105"]}]}},"_links":{"self":[{"href":"https:\/\/savvyrevenue.com\/dk\/wp-json\/wp\/v2\/pages\/13527","targetHints":{"allow":["GET"]}}],"collection":[{"href":"https:\/\/savvyrevenue.com\/dk\/wp-json\/wp\/v2\/pages"}],"about":[{"href":"https:\/\/savvyrevenue.com\/dk\/wp-json\/wp\/v2\/types\/page"}],"author":[{"embeddable":true,"href":"https:\/\/savvyrevenue.com\/dk\/wp-json\/wp\/v2\/users\/2"}],"replies":[{"embeddable":true,"href":"https:\/\/savvyrevenue.com\/dk\/wp-json\/wp\/v2\/comments?post=13527"}],"version-history":[{"count":1,"href":"https:\/\/savvyrevenue.com\/dk\/wp-json\/wp\/v2\/pages\/13527\/revisions"}],"predecessor-version":[{"id":17310,"href":"https:\/\/savvyrevenue.com\/dk\/wp-json\/wp\/v2\/pages\/13527\/revisions\/17310"}],"wp:attachment":[{"href":"https:\/\/savvyrevenue.com\/dk\/wp-json\/wp\/v2\/media?parent=13527"}],"curies":[{"name":"wp","href":"https:\/\/api.w.org\/{rel}","templated":true}]}}